{"id":51,"date":"2021-08-31T16:00:54","date_gmt":"2021-08-31T16:00:54","guid":{"rendered":"https:\/\/lucysoptical.grupooptico.com\/inicio\/?page_id=51"},"modified":"2021-08-31T18:42:27","modified_gmt":"2021-08-31T18:42:27","slug":"iniciar-sesion","status":"publish","type":"page","link":"https:\/\/lucysoptical.grupooptico.com\/inicio\/iniciar-sesion\/","title":{"rendered":"Iniciar Sesi\u00f3n"},"content":{"rendered":"\t\t<div data-elementor-type=\"wp-page\" data-elementor-id=\"51\" class=\"elementor elementor-51\" data-elementor-settings=\"[]\">\n\t\t\t\t\t\t\t<div class=\"elementor-section-wrap\">\n\t\t\t\t\t\t\t<section class=\"elementor-section elementor-top-section elementor-element elementor-element-f8c96b3 elementor-section-full_width elementor-section-height-default elementor-section-height-default\" data-id=\"f8c96b3\" data-element_type=\"section\" data-settings=\"{&quot;background_background&quot;:&quot;classic&quot;}\">\n\t\t\t\t\t\t<div class=\"elementor-container elementor-column-gap-default\">\n\t\t\t\t\t<div class=\"elementor-column elementor-col-50 elementor-top-column elementor-element elementor-element-b106c5e\" data-id=\"b106c5e\" data-element_type=\"column\">\n\t\t\t<div class=\"elementor-widget-wrap elementor-element-populated\">\n\t\t\t\t\t\t\t\t<div class=\"elementor-element elementor-element-e1b2505 elementor-widget elementor-widget-shortcode\" data-id=\"e1b2505\" data-element_type=\"widget\" data-widget_type=\"shortcode.default\">\n\t\t\t\t<div class=\"elementor-widget-container\">\n\t\t\t\t\t<div class=\"elementor-shortcode\"><div class=\"woocommerce\"><\/div><\/div>\n\t\t\t\t<\/div>\n\t\t\t\t<\/div>\n\t\t\t\t\t<\/div>\n\t\t<\/div>\n\t\t\t\t<div class=\"elementor-column elementor-col-50 elementor-top-column elementor-element elementor-element-4a5ec00\" data-id=\"4a5ec00\" data-element_type=\"column\" data-settings=\"{&quot;background_background&quot;:&quot;classic&quot;}\">\n\t\t\t<div class=\"elementor-widget-wrap elementor-element-populated\">\n\t\t\t\t\t<div class=\"elementor-background-overlay\"><\/div>\n\t\t\t\t\t\t\t\t<div class=\"elementor-element elementor-element-ed527a9 elementor-widget elementor-widget-image\" data-id=\"ed527a9\" data-element_type=\"widget\" data-widget_type=\"image.default\">\n\t\t\t\t<div class=\"elementor-widget-container\">\n\t\t\t\t\t\t\t\t\t\t\t\t\t\t\t<img width=\"292\" height=\"290\" src=\"https:\/\/lucysoptical.grupooptico.com\/inicio\/wp-content\/uploads\/2021\/08\/LUCYS-OPTICAL-EYEWEARAsset-2LOGO.png\" class=\"attachment-full size-full\" alt=\"\" loading=\"lazy\" srcset=\"https:\/\/lucysoptical.grupooptico.com\/inicio\/wp-content\/uploads\/2021\/08\/LUCYS-OPTICAL-EYEWEARAsset-2LOGO.png 292w, https:\/\/lucysoptical.grupooptico.com\/inicio\/wp-content\/uploads\/2021\/08\/LUCYS-OPTICAL-EYEWEARAsset-2LOGO-150x150.png 150w, https:\/\/lucysoptical.grupooptico.com\/inicio\/wp-content\/uploads\/2021\/08\/LUCYS-OPTICAL-EYEWEARAsset-2LOGO-100x100.png 100w\" sizes=\"(max-width: 292px) 100vw, 292px\" \/>\t\t\t\t\t\t\t\t\t\t\t\t\t\t\t<\/div>\n\t\t\t\t<\/div>\n\t\t\t\t<div class=\"elementor-element elementor-element-63d6979 elementor-widget elementor-widget-text-editor\" data-id=\"63d6979\" data-element_type=\"widget\" data-widget_type=\"text-editor.default\">\n\t\t\t\t<div class=\"elementor-widget-container\">\n\t\t\t\t\t\t\tReg\u00edstrate y accede a precios incre\u00edbles. S\u00e9 parte de nuestros socios comerciales y entra a nuestra tienda online.\t\t\t\t\t\t<\/div>\n\t\t\t\t<\/div>\n\t\t\t\t\t<\/div>\n\t\t<\/div>\n\t\t\t\t\t\t\t<\/div>\n\t\t<\/section>\n\t\t\t\t\t\t<\/div>\n\t\t\t\t\t<\/div>\n\t\t","protected":false},"excerpt":{"rendered":"<p>Reg\u00edstrate y accede a precios incre\u00edbles. S\u00e9 parte de nuestros socios comerciales y entra a nuestra tienda online.<\/p>\n","protected":false},"author":1,"featured_media":0,"parent":0,"menu_order":0,"comment_status":"closed","ping_status":"closed","template":"elementor_header_footer","meta":[],"yoast_head":"<!-- This site is optimized with the Yoast SEO plugin v17.1 - https:\/\/yoast.com\/wordpress\/plugins\/seo\/ -->\n<title>Iniciar Sesi\u00f3n - Lucy&#039;s Optical<\/title>\n<meta name=\"robots\" content=\"index, follow, max-snippet:-1, max-image-preview:large, max-video-preview:-1\" \/>\n<link rel=\"canonical\" href=\"https:\/\/lucysoptical.grupooptico.com\/inicio\/iniciar-sesion\/\" \/>\n<meta property=\"og:locale\" content=\"es_MX\" \/>\n<meta property=\"og:type\" content=\"article\" \/>\n<meta property=\"og:title\" content=\"Iniciar Sesi\u00f3n - Lucy&#039;s Optical\" \/>\n<meta property=\"og:description\" content=\"Reg\u00edstrate y accede a precios incre\u00edbles. S\u00e9 parte de nuestros socios comerciales y entra a nuestra tienda online.\" \/>\n<meta property=\"og:url\" content=\"https:\/\/lucysoptical.grupooptico.com\/inicio\/iniciar-sesion\/\" \/>\n<meta property=\"og:site_name\" content=\"Lucy&#039;s Optical\" \/>\n<meta property=\"article:modified_time\" content=\"2021-08-31T18:42:27+00:00\" \/>\n<meta property=\"og:image\" content=\"https:\/\/lucysoptical.grupooptico.com\/inicio\/wp-content\/uploads\/2021\/08\/LUCYS-OPTICAL-EYEWEARAsset-2LOGO.png\" \/>\n<meta name=\"twitter:card\" content=\"summary_large_image\" \/>\n<script type=\"application\/ld+json\" class=\"yoast-schema-graph\">{\"@context\":\"https:\/\/schema.org\",\"@graph\":[{\"@type\":\"WebSite\",\"@id\":\"https:\/\/lucysoptical.grupooptico.com\/inicio\/#website\",\"url\":\"https:\/\/lucysoptical.grupooptico.com\/inicio\/\",\"name\":\"Lucy&#039;s Optical\",\"description\":\"Eyewear\",\"potentialAction\":[{\"@type\":\"SearchAction\",\"target\":{\"@type\":\"EntryPoint\",\"urlTemplate\":\"https:\/\/lucysoptical.grupooptico.com\/inicio\/?s={search_term_string}\"},\"query-input\":\"required name=search_term_string\"}],\"inLanguage\":\"es-MX\"},{\"@type\":\"ImageObject\",\"@id\":\"https:\/\/lucysoptical.grupooptico.com\/inicio\/iniciar-sesion\/#primaryimage\",\"inLanguage\":\"es-MX\",\"url\":\"https:\/\/lucysoptical.grupooptico.com\/inicio\/wp-content\/uploads\/2021\/08\/LUCYS-OPTICAL-EYEWEARAsset-2LOGO.png\",\"contentUrl\":\"https:\/\/lucysoptical.grupooptico.com\/inicio\/wp-content\/uploads\/2021\/08\/LUCYS-OPTICAL-EYEWEARAsset-2LOGO.png\",\"width\":292,\"height\":290},{\"@type\":\"WebPage\",\"@id\":\"https:\/\/lucysoptical.grupooptico.com\/inicio\/iniciar-sesion\/#webpage\",\"url\":\"https:\/\/lucysoptical.grupooptico.com\/inicio\/iniciar-sesion\/\",\"name\":\"Iniciar Sesi\\u00f3n - Lucy&#039;s Optical\",\"isPartOf\":{\"@id\":\"https:\/\/lucysoptical.grupooptico.com\/inicio\/#website\"},\"primaryImageOfPage\":{\"@id\":\"https:\/\/lucysoptical.grupooptico.com\/inicio\/iniciar-sesion\/#primaryimage\"},\"datePublished\":\"2021-08-31T16:00:54+00:00\",\"dateModified\":\"2021-08-31T18:42:27+00:00\",\"breadcrumb\":{\"@id\":\"https:\/\/lucysoptical.grupooptico.com\/inicio\/iniciar-sesion\/#breadcrumb\"},\"inLanguage\":\"es-MX\",\"potentialAction\":[{\"@type\":\"ReadAction\",\"target\":[\"https:\/\/lucysoptical.grupooptico.com\/inicio\/iniciar-sesion\/\"]}]},{\"@type\":\"BreadcrumbList\",\"@id\":\"https:\/\/lucysoptical.grupooptico.com\/inicio\/iniciar-sesion\/#breadcrumb\",\"itemListElement\":[{\"@type\":\"ListItem\",\"position\":1,\"name\":\"Inicio\",\"item\":\"https:\/\/lucysoptical.grupooptico.com\/inicio\/\"},{\"@type\":\"ListItem\",\"position\":2,\"name\":\"Iniciar Sesi\\u00f3n\"}]}]}<\/script>\n<!-- \/ Yoast SEO plugin. -->","yoast_head_json":{"title":"Iniciar Sesi\u00f3n - Lucy&#039;s Optical","robots":{"index":"index","follow":"follow","max-snippet":"max-snippet:-1","max-image-preview":"max-image-preview:large","max-video-preview":"max-video-preview:-1"},"canonical":"https:\/\/lucysoptical.grupooptico.com\/inicio\/iniciar-sesion\/","og_locale":"es_MX","og_type":"article","og_title":"Iniciar Sesi\u00f3n - Lucy&#039;s Optical","og_description":"Reg\u00edstrate y accede a precios incre\u00edbles. S\u00e9 parte de nuestros socios comerciales y entra a nuestra tienda online.","og_url":"https:\/\/lucysoptical.grupooptico.com\/inicio\/iniciar-sesion\/","og_site_name":"Lucy&#039;s Optical","article_modified_time":"2021-08-31T18:42:27+00:00","og_image":[{"url":"https:\/\/lucysoptical.grupooptico.com\/inicio\/wp-content\/uploads\/2021\/08\/LUCYS-OPTICAL-EYEWEARAsset-2LOGO.png"}],"twitter_card":"summary_large_image","schema":{"@context":"https:\/\/schema.org","@graph":[{"@type":"WebSite","@id":"https:\/\/lucysoptical.grupooptico.com\/inicio\/#website","url":"https:\/\/lucysoptical.grupooptico.com\/inicio\/","name":"Lucy&#039;s Optical","description":"Eyewear","potentialAction":[{"@type":"SearchAction","target":{"@type":"EntryPoint","urlTemplate":"https:\/\/lucysoptical.grupooptico.com\/inicio\/?s={search_term_string}"},"query-input":"required name=search_term_string"}],"inLanguage":"es-MX"},{"@type":"ImageObject","@id":"https:\/\/lucysoptical.grupooptico.com\/inicio\/iniciar-sesion\/#primaryimage","inLanguage":"es-MX","url":"https:\/\/lucysoptical.grupooptico.com\/inicio\/wp-content\/uploads\/2021\/08\/LUCYS-OPTICAL-EYEWEARAsset-2LOGO.png","contentUrl":"https:\/\/lucysoptical.grupooptico.com\/inicio\/wp-content\/uploads\/2021\/08\/LUCYS-OPTICAL-EYEWEARAsset-2LOGO.png","width":292,"height":290},{"@type":"WebPage","@id":"https:\/\/lucysoptical.grupooptico.com\/inicio\/iniciar-sesion\/#webpage","url":"https:\/\/lucysoptical.grupooptico.com\/inicio\/iniciar-sesion\/","name":"Iniciar Sesi\u00f3n - Lucy&#039;s Optical","isPartOf":{"@id":"https:\/\/lucysoptical.grupooptico.com\/inicio\/#website"},"primaryImageOfPage":{"@id":"https:\/\/lucysoptical.grupooptico.com\/inicio\/iniciar-sesion\/#primaryimage"},"datePublished":"2021-08-31T16:00:54+00:00","dateModified":"2021-08-31T18:42:27+00:00","breadcrumb":{"@id":"https:\/\/lucysoptical.grupooptico.com\/inicio\/iniciar-sesion\/#breadcrumb"},"inLanguage":"es-MX","potentialAction":[{"@type":"ReadAction","target":["https:\/\/lucysoptical.grupooptico.com\/inicio\/iniciar-sesion\/"]}]},{"@type":"BreadcrumbList","@id":"https:\/\/lucysoptical.grupooptico.com\/inicio\/iniciar-sesion\/#breadcrumb","itemListElement":[{"@type":"ListItem","position":1,"name":"Inicio","item":"https:\/\/lucysoptical.grupooptico.com\/inicio\/"},{"@type":"ListItem","position":2,"name":"Iniciar Sesi\u00f3n"}]}]}},"_links":{"self":[{"href":"https:\/\/lucysoptical.grupooptico.com\/inicio\/wp-json\/wp\/v2\/pages\/51"}],"collection":[{"href":"https:\/\/lucysoptical.grupooptico.com\/inicio\/wp-json\/wp\/v2\/pages"}],"about":[{"href":"https:\/\/lucysoptical.grupooptico.com\/inicio\/wp-json\/wp\/v2\/types\/page"}],"author":[{"embeddable":true,"href":"https:\/\/lucysoptical.grupooptico.com\/inicio\/wp-json\/wp\/v2\/users\/1"}],"replies":[{"embeddable":true,"href":"https:\/\/lucysoptical.grupooptico.com\/inicio\/wp-json\/wp\/v2\/comments?post=51"}],"version-history":[{"count":16,"href":"https:\/\/lucysoptical.grupooptico.com\/inicio\/wp-json\/wp\/v2\/pages\/51\/revisions"}],"predecessor-version":[{"id":159,"href":"https:\/\/lucysoptical.grupooptico.com\/inicio\/wp-json\/wp\/v2\/pages\/51\/revisions\/159"}],"wp:attachment":[{"href":"https:\/\/lucysoptical.grupooptico.com\/inicio\/wp-json\/wp\/v2\/media?parent=51"}],"curies":[{"name":"wp","href":"https:\/\/api.w.org\/{rel}","templated":true}]}}